{"id":3828,"date":"2024-02-11T18:01:11","date_gmt":"2024-02-11T17:01:11","guid":{"rendered":"https:\/\/cocagne.tv\/?page_id=3828"},"modified":"2024-02-11T18:01:11","modified_gmt":"2024-02-11T17:01:11","slug":"a-propos","status":"publish","type":"page","link":"https:\/\/abconseil.ovh\/?page_id=3828","title":{"rendered":"A propos"},"content":{"rendered":"<p>[vc_row][vc_column][vc_column_text css=&#8221;&#8221;]<\/p>\n<div class=\"css-146c3p1 r-bcqeeo r-1ttztb7 r-qvutc0 r-37j5jr r-a023e6 r-rjixqe r-16dba41 r-1adg3ll\" dir=\"ltr\">\n<div class=\"css-146c3p1 r-bcqeeo r-1ttztb7 r-qvutc0 r-37j5jr r-a023e6 r-16dba41 r-1adg3ll r-1kt6imw\" dir=\"ltr\"><span class=\"css-1jxf684 r-bcqeeo r-1ttztb7 r-qvutc0 r-poiln3\"><span class=\"css-1jxf684 r-bcqeeo r-1ttztb7 r-qvutc0 r-poiln3 r-b88u0q r-1kt6imw\"><a class=\"css-1jxf684 r-bcqeeo r-1ttztb7 r-qvutc0 r-poiln3 r-1kt6imw r-14w25sf r-12hq5r3 r-12804ko r-9invzl r-13wfysu r-1loqt21\" role=\"link\" href=\"https:\/\/x.com\/i\/grok?text=Cocagne%20TV\">Cocagne TV<\/a><\/span><span class=\"css-1jxf684 r-bcqeeo r-1ttztb7 r-qvutc0 r-poiln3 r-1kt6imw\"> est une Web TV associative d\u00e9di\u00e9e \u00e0 la valorisation des savoir-faire locaux et \u00e0 la couverture des \u00e9v\u00e9nements du <\/span><span class=\"css-1jxf684 r-bcqeeo r-1ttztb7 r-qvutc0 r-poiln3 r-b88u0q r-1kt6imw\"><a class=\"css-1jxf684 r-bcqeeo r-1ttztb7 r-qvutc0 r-poiln3 r-1kt6imw r-liew4 r-1yqb93w r-mo87ph r-1ion2gp r-13wfysu r-1loqt21\" role=\"link\" href=\"https:\/\/x.com\/i\/grok?text=Pays%20de%20Cocagne\">Pays de Cocagne<\/a><\/span><span class=\"css-1jxf684 r-bcqeeo r-1ttztb7 r-qvutc0 r-poiln3 r-1kt6imw\">. Notre mission est d&#8217;illuminer les aspects culturels, sportifs, \u00e9conomiques et les sujets d&#8217;actualit\u00e9 locale, sans pour autant proposer de bulletins d&#8217;information quotidiens.<\/span><\/span><\/div>\n<div class=\"css-146c3p1 r-bcqeeo r-1ttztb7 r-qvutc0 r-37j5jr r-a023e6 r-16dba41 r-1adg3ll r-1kt6imw\" dir=\"ltr\"><span class=\"css-1jxf684 r-bcqeeo r-1ttztb7 r-qvutc0 r-poiln3\"><span class=\"css-1jxf684 r-bcqeeo r-1ttztb7 r-qvutc0 r-poiln3 r-1kt6imw\">Notre cha\u00eene se veut une plateforme pour ceux qui travaillent avec passion mais manquent de visibilit\u00e9. Nous portons une attention particuli\u00e8re aux activit\u00e9s de <\/span><a class=\"css-1jxf684 r-bcqeeo r-1ttztb7 r-qvutc0 r-poiln3 r-1kt6imw r-liew4 r-1yqb93w r-mo87ph r-1ion2gp r-13wfysu r-1loqt21\" role=\"link\" href=\"https:\/\/x.com\/i\/grok?text=production%20alimentaire\">production alimentaire<\/a><span class=\"css-1jxf684 r-bcqeeo r-1ttztb7 r-qvutc0 r-poiln3 r-1kt6imw\">, car, selon notre conviction, \u00ab nous sommes ce que nous mangeons \u00bb. <\/span><span class=\"css-1jxf684 r-bcqeeo r-1ttztb7 r-qvutc0 r-poiln3 r-b88u0q r-1kt6imw\"><span class=\"css-1jxf684 r-bcqeeo r-1ttztb7 r-qvutc0 r-poiln3 r-1kt6imw\">Cocagne TV<\/span><\/span><span class=\"css-1jxf684 r-bcqeeo r-1ttztb7 r-qvutc0 r-poiln3 r-1kt6imw\"> se d\u00e9place \u00e0 travers tout le territoire pour capturer et partager des moments porteurs de valeurs significatives.<\/span><\/span><\/div>\n<div class=\"css-146c3p1 r-bcqeeo r-1ttztb7 r-qvutc0 r-37j5jr r-a023e6 r-16dba41 r-1adg3ll r-1kt6imw\" dir=\"ltr\"><span class=\"css-1jxf684 r-bcqeeo r-1ttztb7 r-qvutc0 r-poiln3\"><span class=\"css-1jxf684 r-bcqeeo r-1ttztb7 r-qvutc0 r-poiln3 r-1kt6imw\">La vid\u00e9o est un outil puissant pour sensibiliser et informer un public curieux de nouvelles locales, offrant ainsi un compl\u00e9ment aux informations d&#8217;actualit\u00e9 g\u00e9n\u00e9rales.<\/span><\/span><\/div>\n<\/div>\n<p>Contacter la r\u00e9daction : Eric Maublanc<\/p>\n<p>Tel. 06 58 38 20 45<\/p>\n<p>contact@cocagne.tv[\/vc_column_text][\/vc_column][\/vc_row]<\/p>\n","protected":false},"excerpt":{"rendered":"<p>[vc_row][vc_column][vc_column_text css=&#8221;&#8221;] Cocagne TV est une Web TV associative d\u00e9di\u00e9e \u00e0 la valorisation des savoir-faire locaux et \u00e0 la couverture des \u00e9v\u00e9nements du Pays de Cocagne. Notre mission est d&#8217;illuminer les aspects culturels, sportifs, \u00e9conomiques et les sujets d&#8217;actualit\u00e9 locale, sans pour autant proposer de bulletins d&#8217;information quotidiens. Notre cha\u00eene se veut une plateforme pour [&hellip;]<\/p>\n","protected":false},"author":1,"featured_media":0,"parent":2137,"menu_order":0,"comment_status":"closed","ping_status":"closed","template":"","meta":{"footnotes":""},"class_list":["post-3828","page","type-page","status-publish","hentry","entry"],"_links":{"self":[{"href":"https:\/\/abconseil.ovh\/index.php?rest_route=\/wp\/v2\/pages\/3828","targetHints":{"allow":["GET"]}}],"collection":[{"href":"https:\/\/abconseil.ovh\/index.php?rest_route=\/wp\/v2\/pages"}],"about":[{"href":"https:\/\/abconseil.ovh\/index.php?rest_route=\/wp\/v2\/types\/page"}],"author":[{"embeddable":true,"href":"https:\/\/abconseil.ovh\/index.php?rest_route=\/wp\/v2\/users\/1"}],"replies":[{"embeddable":true,"href":"https:\/\/abconseil.ovh\/index.php?rest_route=%2Fwp%2Fv2%2Fcomments&post=3828"}],"version-history":[{"count":0,"href":"https:\/\/abconseil.ovh\/index.php?rest_route=\/wp\/v2\/pages\/3828\/revisions"}],"up":[{"embeddable":true,"href":"https:\/\/abconseil.ovh\/index.php?rest_route=\/wp\/v2\/pages\/2137"}],"wp:attachment":[{"href":"https:\/\/abconseil.ovh\/index.php?rest_route=%2Fwp%2Fv2%2Fmedia&parent=3828"}],"curies":[{"name":"wp","href":"https:\/\/api.w.org\/{rel}","templated":true}]}}